{"id":11,"date":"2022-01-15T08:19:38","date_gmt":"2022-01-15T08:19:38","guid":{"rendered":"https:\/\/decousta.ma\/?page_id=11"},"modified":"2022-04-06T10:26:29","modified_gmt":"2022-04-06T10:26:29","slug":"details-du-projet","status":"publish","type":"page","link":"https:\/\/decousta.ma\/?page_id=11","title":{"rendered":"R\u00e9f\u00e9rences"},"content":{"rendered":"\n<div class=\"wp-block-cover alignfull has-nv-site-bg-background-color has-background-dim\" style=\"min-height:320px;aspect-ratio:unset;\"><div class=\"wp-block-cover__inner-container is-layout-flow wp-block-cover-is-layout-flow\">\n<div class=\"wp-block-group\"><div class=\"wp-block-group__inner-container is-layout-flow wp-block-group-is-layout-flow\">\n<div class=\"wp-block-columns are-vertically-aligned-center is-layout-flex wp-container-core-columns-is-layout-9d6595d7 wp-block-columns-is-layout-flex\">\n<div class=\"wp-block-column is-vertically-aligned-center is-layout-flow wp-block-column-is-layout-flow\" style=\"flex-basis:70%\">\n<h1 class=\"has-text-align-left has-neve-link-hover-color-color has-text-color wp-block-heading\">Nos r\u00e9f\u00e9rences<\/h1>\n\n\n\n<p class=\"has-nv-c-1-color has-text-color\" style=\"font-size:22px\">La confiance et la cr\u00e9dibilit\u00e9 sont la base de nos relations avec nos partenaires<\/p>\n<\/div>\n\n\n\n<div class=\"wp-block-column is-vertically-aligned-center is-layout-flow wp-block-column-is-layout-flow\" style=\"flex-basis:30%\"><\/div>\n<\/div>\n<\/div><\/div>\n<\/div><\/div>\n\n\n\n<div class=\"wp-block-cover alignfull has-nv-light-bg-background-color has-background-dim\" style=\"min-height:600px;aspect-ratio:unset;\"><div class=\"wp-block-cover__inner-container is-layout-flow wp-block-cover-is-layout-flow\">\n<div class=\"wp-block-group\"><div class=\"wp-block-group__inner-container is-layout-flow wp-block-group-is-layout-flow\">\n<div class=\"wp-block-columns is-layout-flex wp-container-core-columns-is-layout-9d6595d7 wp-block-columns-is-layout-flex\">\n<div class=\"wp-block-column is-layout-flow wp-block-column-is-layout-flow\" style=\"flex-basis:100%\">\n<div class=\"wp-block-columns is-layout-flex wp-container-core-columns-is-layout-9d6595d7 wp-block-columns-is-layout-flex\">\n<div class=\"wp-block-column is-layout-flow wp-block-column-is-layout-flow\" style=\"flex-basis:66.79%\">\n<div style=\"height:40px\" aria-hidden=\"true\" class=\"wp-block-spacer\"><\/div>\n\n\n\n[transitionslider id=\u00a0\u00bb1&Prime;]\n<\/div>\n\n\n\n<div class=\"wp-block-column is-layout-flow wp-block-column-is-layout-flow\" style=\"flex-basis:34%\">\n<p class=\"has-neve-text-color-color has-text-color\">La soci\u00e9t\u00e9 <strong><a href=\"https:\/\/decousta.ma\/\">DECOUSTA <\/a><\/strong>a des relations avec des grandes entreprises nationales et internationales, ainsi que institutions publiques, bas\u00e9es toujours sur la confiance et la perfection.<\/p>\n\n\n\n<p class=\"has-neve-text-color-color has-text-color\">Depuis le cr\u00e9ation de notre soci\u00e9t\u00e9, notre objectif est le satisfaction de nos client, et de donner la meilleure qualit\u00e9 possible. <\/p>\n\n\n\n<p class=\"has-neve-text-color-color has-text-color\">Gr\u00e2ce \u00e0 notre d\u00e9vouement et \u00e0 notre travail minutieux, Nous sommes devenus dignes de confiance pour beaucoup des soci\u00e9t\u00e9 national.<\/p>\n\n\n\n<hr class=\"wp-block-separator is-style-wide\"\/>\n<\/div>\n<\/div>\n<\/div>\n<\/div>\n<\/div><\/div>\n\n\n\n<p><\/p>\n<\/div><\/div>\n\n\n\n<h2 class=\"wp-block-heading\">Ils nous font confiance :<\/h2>\n\n\n\n<div class=\"wp-block-group\"><div class=\"wp-block-group__inner-container is-layout-flow wp-block-group-is-layout-flow\">\n<div class=\"wp-block-image\"><figure class=\"aligncenter size-full is-resized\"><img fetchpriority=\"high\" decoding=\"async\" src=\"https:\/\/decousta.ma\/wp-content\/uploads\/2022\/01\/references-logo-.jpg\" alt=\"\" class=\"wp-image-109\" width=\"894\" height=\"393\" srcset=\"https:\/\/decousta.ma\/wp-content\/uploads\/2022\/01\/references-logo-.jpg 894w, https:\/\/decousta.ma\/wp-content\/uploads\/2022\/01\/references-logo--300x132.jpg 300w, https:\/\/decousta.ma\/wp-content\/uploads\/2022\/01\/references-logo--768x338.jpg 768w\" sizes=\"(max-width: 894px) 100vw, 894px\" \/><\/figure><\/div>\n<\/div><\/div>\n\n\n\n<div class=\"wp-block-cover alignfull has-nv-dark-bg-background-color has-background-dim\" style=\"min-height:300px;aspect-ratio:unset;\"><div class=\"wp-block-cover__inner-container is-layout-flow wp-block-cover-is-layout-flow\">\n<p><\/p>\n\n\n\n<p class=\"has-text-align-center has-huge-font-size\"><strong>Travaillons ensemble sur votre prochain projet<\/strong><\/p>\n\n\n\n<p class=\"has-text-align-center has-medium-font-size\">Contactez Decousta et profitez un devis gratuitement.<\/p>\n\n\n\n<div class=\"wp-block-buttons is-content-justification-center is-layout-flex wp-block-buttons-is-layout-flex\">\n<div class=\"wp-block-button is-style-primary\"><a class=\"wp-block-button__link\" href=\"https:\/\/decousta.ma\/?pagename=contact\">Contactez-nous<\/a><\/div>\n<\/div>\n\n\n\n<div style=\"height:140px\" aria-hidden=\"true\" class=\"wp-block-spacer\"><\/div>\n<\/div><\/div>\n","protected":false},"excerpt":{"rendered":"<p>Ils nous font confiance :<\/p>\n","protected":false},"author":1,"featured_media":0,"parent":0,"menu_order":0,"comment_status":"closed","ping_status":"closed","template":"","meta":{"neve_meta_sidebar":"","neve_meta_container":"","neve_meta_enable_content_width":"on","neve_meta_content_width":100,"neve_meta_title_alignment":"","neve_meta_author_avatar":"","neve_post_elements_order":"","neve_meta_disable_header":"","neve_meta_disable_footer":"","neve_meta_disable_title":"on","footnotes":""},"class_list":["post-11","page","type-page","status-publish","hentry"],"yoast_head":"<!-- This site is optimized with the Yoast SEO plugin v23.1 - https:\/\/yoast.com\/wordpress\/plugins\/seo\/ -->\n<title>R\u00e9f\u00e9rences - Decousta Industrie<\/title>\n<meta name=\"description\" content=\"La soci\u00e9t\u00e9 DECOUSTA a des relations avec des grandes entreprises nationales et internationales, ainsi que institutions publiques.\" \/>\n<meta name=\"robots\" content=\"index, follow, max-snippet:-1, max-image-preview:large, max-video-preview:-1\" \/>\n<link rel=\"canonical\" href=\"https:\/\/decousta.ma\/?page_id=11\" \/>\n<meta property=\"og:locale\" content=\"fr_FR\" \/>\n<meta property=\"og:type\" content=\"article\" \/>\n<meta property=\"og:title\" content=\"R\u00e9f\u00e9rences - Decousta Industrie\" \/>\n<meta property=\"og:description\" content=\"La soci\u00e9t\u00e9 DECOUSTA a des relations avec des grandes entreprises nationales et internationales, ainsi que institutions publiques.\" \/>\n<meta property=\"og:url\" content=\"https:\/\/decousta.ma\/?page_id=11\" \/>\n<meta property=\"og:site_name\" content=\"Decousta Industrie\" \/>\n<meta property=\"article:modified_time\" content=\"2022-04-06T10:26:29+00:00\" \/>\n<meta property=\"og:image\" content=\"https:\/\/decousta.ma\/wp-content\/uploads\/2022\/01\/references-logo-.jpg\" \/>\n<meta name=\"twitter:card\" content=\"summary_large_image\" \/>\n<meta name=\"twitter:label1\" content=\"Dur\u00e9e de lecture estim\u00e9e\" \/>\n\t<meta name=\"twitter:data1\" content=\"1 minute\" \/>\n<script type=\"application\/ld+json\" class=\"yoast-schema-graph\">{\"@context\":\"https:\/\/schema.org\",\"@graph\":[{\"@type\":\"WebPage\",\"@id\":\"https:\/\/decousta.ma\/?page_id=11\",\"url\":\"https:\/\/decousta.ma\/?page_id=11\",\"name\":\"R\u00e9f\u00e9rences - Decousta Industrie\",\"isPartOf\":{\"@id\":\"https:\/\/decousta.ma\/#website\"},\"primaryImageOfPage\":{\"@id\":\"https:\/\/decousta.ma\/?page_id=11#primaryimage\"},\"image\":{\"@id\":\"https:\/\/decousta.ma\/?page_id=11#primaryimage\"},\"thumbnailUrl\":\"https:\/\/decousta.ma\/wp-content\/uploads\/2022\/01\/references-logo-.jpg\",\"datePublished\":\"2022-01-15T08:19:38+00:00\",\"dateModified\":\"2022-04-06T10:26:29+00:00\",\"description\":\"La soci\u00e9t\u00e9 DECOUSTA a des relations avec des grandes entreprises nationales et internationales, ainsi que institutions publiques.\",\"breadcrumb\":{\"@id\":\"https:\/\/decousta.ma\/?page_id=11#breadcrumb\"},\"inLanguage\":\"fr-FR\",\"potentialAction\":[{\"@type\":\"ReadAction\",\"target\":[\"https:\/\/decousta.ma\/?page_id=11\"]}]},{\"@type\":\"ImageObject\",\"inLanguage\":\"fr-FR\",\"@id\":\"https:\/\/decousta.ma\/?page_id=11#primaryimage\",\"url\":\"https:\/\/decousta.ma\/wp-content\/uploads\/2022\/01\/references-logo-.jpg\",\"contentUrl\":\"https:\/\/decousta.ma\/wp-content\/uploads\/2022\/01\/references-logo-.jpg\",\"width\":894,\"height\":393},{\"@type\":\"BreadcrumbList\",\"@id\":\"https:\/\/decousta.ma\/?page_id=11#breadcrumb\",\"itemListElement\":[{\"@type\":\"ListItem\",\"position\":1,\"name\":\"Accueil\",\"item\":\"https:\/\/decousta.ma\/\"},{\"@type\":\"ListItem\",\"position\":2,\"name\":\"R\u00e9f\u00e9rences\"}]},{\"@type\":\"WebSite\",\"@id\":\"https:\/\/decousta.ma\/#website\",\"url\":\"https:\/\/decousta.ma\/\",\"name\":\"Decousta Industrie\",\"description\":\"Nous ne croyons pas \u00e0 l\u2019impossible\",\"publisher\":{\"@id\":\"https:\/\/decousta.ma\/#organization\"},\"potentialAction\":[{\"@type\":\"SearchAction\",\"target\":{\"@type\":\"EntryPoint\",\"urlTemplate\":\"https:\/\/decousta.ma\/?s={search_term_string}\"},\"query-input\":\"required name=search_term_string\"}],\"inLanguage\":\"fr-FR\"},{\"@type\":\"Organization\",\"@id\":\"https:\/\/decousta.ma\/#organization\",\"name\":\"Decousta Industrie\",\"url\":\"https:\/\/decousta.ma\/\",\"logo\":{\"@type\":\"ImageObject\",\"inLanguage\":\"fr-FR\",\"@id\":\"https:\/\/decousta.ma\/#\/schema\/logo\/image\/\",\"url\":\"https:\/\/decousta.ma\/wp-content\/uploads\/2022\/01\/logo-en-te\u0302te-site.png\",\"contentUrl\":\"https:\/\/decousta.ma\/wp-content\/uploads\/2022\/01\/logo-en-te\u0302te-site.png\",\"width\":505,\"height\":142,\"caption\":\"Decousta Industrie\"},\"image\":{\"@id\":\"https:\/\/decousta.ma\/#\/schema\/logo\/image\/\"}}]}<\/script>\n<!-- \/ Yoast SEO plugin. -->","yoast_head_json":{"title":"R\u00e9f\u00e9rences - Decousta Industrie","description":"La soci\u00e9t\u00e9 DECOUSTA a des relations avec des grandes entreprises nationales et internationales, ainsi que institutions publiques.","robots":{"index":"index","follow":"follow","max-snippet":"max-snippet:-1","max-image-preview":"max-image-preview:large","max-video-preview":"max-video-preview:-1"},"canonical":"https:\/\/decousta.ma\/?page_id=11","og_locale":"fr_FR","og_type":"article","og_title":"R\u00e9f\u00e9rences - Decousta Industrie","og_description":"La soci\u00e9t\u00e9 DECOUSTA a des relations avec des grandes entreprises nationales et internationales, ainsi que institutions publiques.","og_url":"https:\/\/decousta.ma\/?page_id=11","og_site_name":"Decousta Industrie","article_modified_time":"2022-04-06T10:26:29+00:00","og_image":[{"url":"https:\/\/decousta.ma\/wp-content\/uploads\/2022\/01\/references-logo-.jpg"}],"twitter_card":"summary_large_image","twitter_misc":{"Dur\u00e9e de lecture estim\u00e9e":"1 minute"},"schema":{"@context":"https:\/\/schema.org","@graph":[{"@type":"WebPage","@id":"https:\/\/decousta.ma\/?page_id=11","url":"https:\/\/decousta.ma\/?page_id=11","name":"R\u00e9f\u00e9rences - Decousta Industrie","isPartOf":{"@id":"https:\/\/decousta.ma\/#website"},"primaryImageOfPage":{"@id":"https:\/\/decousta.ma\/?page_id=11#primaryimage"},"image":{"@id":"https:\/\/decousta.ma\/?page_id=11#primaryimage"},"thumbnailUrl":"https:\/\/decousta.ma\/wp-content\/uploads\/2022\/01\/references-logo-.jpg","datePublished":"2022-01-15T08:19:38+00:00","dateModified":"2022-04-06T10:26:29+00:00","description":"La soci\u00e9t\u00e9 DECOUSTA a des relations avec des grandes entreprises nationales et internationales, ainsi que institutions publiques.","breadcrumb":{"@id":"https:\/\/decousta.ma\/?page_id=11#breadcrumb"},"inLanguage":"fr-FR","potentialAction":[{"@type":"ReadAction","target":["https:\/\/decousta.ma\/?page_id=11"]}]},{"@type":"ImageObject","inLanguage":"fr-FR","@id":"https:\/\/decousta.ma\/?page_id=11#primaryimage","url":"https:\/\/decousta.ma\/wp-content\/uploads\/2022\/01\/references-logo-.jpg","contentUrl":"https:\/\/decousta.ma\/wp-content\/uploads\/2022\/01\/references-logo-.jpg","width":894,"height":393},{"@type":"BreadcrumbList","@id":"https:\/\/decousta.ma\/?page_id=11#breadcrumb","itemListElement":[{"@type":"ListItem","position":1,"name":"Accueil","item":"https:\/\/decousta.ma\/"},{"@type":"ListItem","position":2,"name":"R\u00e9f\u00e9rences"}]},{"@type":"WebSite","@id":"https:\/\/decousta.ma\/#website","url":"https:\/\/decousta.ma\/","name":"Decousta Industrie","description":"Nous ne croyons pas \u00e0 l\u2019impossible","publisher":{"@id":"https:\/\/decousta.ma\/#organization"},"potentialAction":[{"@type":"SearchAction","target":{"@type":"EntryPoint","urlTemplate":"https:\/\/decousta.ma\/?s={search_term_string}"},"query-input":"required name=search_term_string"}],"inLanguage":"fr-FR"},{"@type":"Organization","@id":"https:\/\/decousta.ma\/#organization","name":"Decousta Industrie","url":"https:\/\/decousta.ma\/","logo":{"@type":"ImageObject","inLanguage":"fr-FR","@id":"https:\/\/decousta.ma\/#\/schema\/logo\/image\/","url":"https:\/\/decousta.ma\/wp-content\/uploads\/2022\/01\/logo-en-te\u0302te-site.png","contentUrl":"https:\/\/decousta.ma\/wp-content\/uploads\/2022\/01\/logo-en-te\u0302te-site.png","width":505,"height":142,"caption":"Decousta Industrie"},"image":{"@id":"https:\/\/decousta.ma\/#\/schema\/logo\/image\/"}}]}},"_links":{"self":[{"href":"https:\/\/decousta.ma\/index.php?rest_route=\/wp\/v2\/pages\/11","targetHints":{"allow":["GET"]}}],"collection":[{"href":"https:\/\/decousta.ma\/index.php?rest_route=\/wp\/v2\/pages"}],"about":[{"href":"https:\/\/decousta.ma\/index.php?rest_route=\/wp\/v2\/types\/page"}],"author":[{"embeddable":true,"href":"https:\/\/decousta.ma\/index.php?rest_route=\/wp\/v2\/users\/1"}],"replies":[{"embeddable":true,"href":"https:\/\/decousta.ma\/index.php?rest_route=%2Fwp%2Fv2%2Fcomments&post=11"}],"version-history":[{"count":15,"href":"https:\/\/decousta.ma\/index.php?rest_route=\/wp\/v2\/pages\/11\/revisions"}],"predecessor-version":[{"id":119,"href":"https:\/\/decousta.ma\/index.php?rest_route=\/wp\/v2\/pages\/11\/revisions\/119"}],"wp:attachment":[{"href":"https:\/\/decousta.ma\/index.php?rest_route=%2Fwp%2Fv2%2Fmedia&parent=11"}],"curies":[{"name":"wp","href":"https:\/\/api.w.org\/{rel}","templated":true}]}}